{"id":11,"date":"2023-11-07T00:01:14","date_gmt":"2023-11-07T00:01:14","guid":{"rendered":"https:\/\/constructoraedimak.cl\/?page_id=11"},"modified":"2025-08-28T21:39:30","modified_gmt":"2025-08-28T21:39:30","slug":"acerca-de","status":"publish","type":"page","link":"https:\/\/constructoraedimak.cl\/?page_id=11","title":{"rendered":"PROYECTOS"},"content":{"rendered":"\n<p><\/p>\n\n\n\n<p class=\"has-text-align-center\" style=\"font-size:34px\">NUESTROS PROYECTOS<\/p>\n\n\n\n<div class=\"wp-block-group alignfull has-background-background-color has-background\" style=\"margin-top:0;margin-bottom:0;padding-top:var(--wp--preset--spacing--50);padding-right:var(--wp--preset--spacing--30);padding-bottom:var(--wp--preset--spacing--60);padding-left:var(--wp--preset--spacing--30)\"><div class=\"wp-block-group__inner-container is-layout-constrained wp-container-core-group-is-layout-8d1c59b2 wp-block-group-is-layout-constrained\">\n<div class=\"wp-block-columns alignwide are-vertically-aligned-center is-layout-flex wp-container-core-columns-is-layout-30f78326 wp-block-columns-is-layout-flex\">\n<div class=\"wp-block-column is-vertically-aligned-center is-layout-flow wp-block-column-is-layout-flow\">\n<figure class=\"wp-block-image size-large ext-aspect-portrait ext-import\"><img loading=\"lazy\" decoding=\"async\" width=\"768\" height=\"1024\" src=\"https:\/\/constructoraedimak.cl\/wp-content\/uploads\/2025\/08\/foto-elegida-768x1024.jpg\" alt=\"\" class=\"wp-image-540 img-responsive\" srcset=\"https:\/\/constructoraedimak.cl\/wp-content\/uploads\/2025\/08\/foto-elegida-768x1024.jpg 768w, https:\/\/constructoraedimak.cl\/wp-content\/uploads\/2025\/08\/foto-elegida-225x300.jpg 225w, https:\/\/constructoraedimak.cl\/wp-content\/uploads\/2025\/08\/foto-elegida-1152x1536.jpg 1152w, https:\/\/constructoraedimak.cl\/wp-content\/uploads\/2025\/08\/foto-elegida-750x1000.jpg 750w, https:\/\/constructoraedimak.cl\/wp-content\/uploads\/2025\/08\/foto-elegida.jpg 1200w\" sizes=\"auto, (max-width: 768px) 100vw, 768px\" \/><\/figure>\n<\/div>\n\n\n\n<div class=\"wp-block-column is-vertically-aligned-center is-layout-flow wp-block-column-is-layout-flow\">\n<div class=\"wp-block-group\"><div class=\"wp-block-group__inner-container is-layout-constrained wp-block-group-is-layout-constrained\">\n<h1 class=\"wp-block-heading\">Condominio Navidad<\/h1>\n\n\n\n<h1 class=\"wp-block-heading\" style=\"font-size:22px\">Proyecto en curso<\/h1>\n\n\n\n<p style=\"margin-top:16px\">Condominio Navidad.\u00a0 Ubicado en Navidad 79 en la comuna de Pe\u00f1aflor, proyecto terminado, 18 casas desde 94 m\u00b2 hasta 118 m\u00b2 , inicio de obra 2021. Fecha de finalizaci\u00f3n marzo 2025. Valor desde 3.490 UF<\/p>\n\n\n\n<p style=\"font-size:22px;font-style:normal;font-weight:300\">Casas modelo mediterr\u00e1neo<\/p>\n\n\n\n<div class=\"wp-block-buttons is-layout-flex wp-block-buttons-is-layout-flex\" style=\"margin-top:var(--wp--preset--spacing--40)\">\n<div class=\"wp-block-button\"><a class=\"wp-block-button__link wp-element-button\" href=\"https:\/\/constructoraedimak.cl\/?page_id=316\"><mark style=\"background-color:rgba(0, 0, 0, 0)\" class=\"has-inline-color has-white-color\">VER FOTOS<\/mark><\/a><\/div>\n<\/div>\n<\/div><\/div>\n<\/div>\n<\/div>\n<\/div><\/div>\n\n\n\n<div class=\"wp-block-group alignfull has-background-background-color has-background\" style=\"margin-top:0;margin-bottom:0;padding-top:var(--wp--preset--spacing--50);padding-right:var(--wp--preset--spacing--30);padding-bottom:var(--wp--preset--spacing--60);padding-left:var(--wp--preset--spacing--30)\"><div class=\"wp-block-group__inner-container is-layout-constrained wp-container-core-group-is-layout-8d1c59b2 wp-block-group-is-layout-constrained\">\n<div class=\"wp-block-columns alignwide are-vertically-aligned-center is-layout-flex wp-container-core-columns-is-layout-30f78326 wp-block-columns-is-layout-flex\">\n<div class=\"wp-block-column is-vertically-aligned-center is-layout-flow wp-block-column-is-layout-flow\">\n<figure class=\"wp-block-image size-large ext-aspect-portrait ext-import\"><img loading=\"lazy\" decoding=\"async\" width=\"1024\" height=\"765\" src=\"https:\/\/constructoraedimak.cl\/wp-content\/uploads\/2023\/11\/proyecto_eco_bilbao-1024x765.jpeg\" alt=\"\" class=\"wp-image-416 img-responsive\" srcset=\"https:\/\/constructoraedimak.cl\/wp-content\/uploads\/2023\/11\/proyecto_eco_bilbao-1024x765.jpeg 1024w, https:\/\/constructoraedimak.cl\/wp-content\/uploads\/2023\/11\/proyecto_eco_bilbao-300x224.jpeg 300w, https:\/\/constructoraedimak.cl\/wp-content\/uploads\/2023\/11\/proyecto_eco_bilbao-768x574.jpeg 768w, https:\/\/constructoraedimak.cl\/wp-content\/uploads\/2023\/11\/proyecto_eco_bilbao-750x561.jpeg 750w, https:\/\/constructoraedimak.cl\/wp-content\/uploads\/2023\/11\/proyecto_eco_bilbao.jpeg 1536w\" sizes=\"auto, (max-width: 1024px) 100vw, 1024px\" \/><\/figure>\n<\/div>\n\n\n\n<div class=\"wp-block-column is-vertically-aligned-center is-layout-flow wp-block-column-is-layout-flow\">\n<div class=\"wp-block-group\"><div class=\"wp-block-group__inner-container is-layout-constrained wp-block-group-is-layout-constrained\">\n<h1 class=\"wp-block-heading\">Condominio Eco Bilbao<\/h1>\n\n\n\n<p style=\"margin-top:16px\">Condominio Eco Bilbao.&nbsp; Ubicado en calle Bilbao en la comuna de Pe\u00f1aflor, a\u00f1o de ejecuci\u00f3n 2013.<\/p>\n\n\n\n<p style=\"font-size:17px;font-style:normal;font-weight:300\">Casas modelo tradicional con cubierta a la vista<\/p>\n\n\n\n<div class=\"wp-block-buttons is-layout-flex wp-block-buttons-is-layout-flex\" style=\"margin-top:var(--wp--preset--spacing--40)\">\n<div class=\"wp-block-button\"><a class=\"wp-block-button__link wp-element-button\" href=\"https:\/\/constructoraedimak.cl\/?page_id=426\">VER FOTOS<\/a><\/div>\n<\/div>\n<\/div><\/div>\n<\/div>\n<\/div>\n<\/div><\/div>\n\n\n\n<div class=\"wp-block-group alignfull has-background-background-color has-background\" style=\"margin-top:0;margin-bottom:0;padding-top:var(--wp--preset--spacing--50);padding-right:var(--wp--preset--spacing--30);padding-bottom:var(--wp--preset--spacing--60);padding-left:var(--wp--preset--spacing--30)\"><div class=\"wp-block-group__inner-container is-layout-constrained wp-container-core-group-is-layout-8d1c59b2 wp-block-group-is-layout-constrained\">\n<div class=\"wp-block-columns alignwide are-vertically-aligned-center is-layout-flex wp-container-core-columns-is-layout-30f78326 wp-block-columns-is-layout-flex\">\n<div class=\"wp-block-column is-vertically-aligned-center is-layout-flow wp-block-column-is-layout-flow\">\n<figure class=\"wp-block-image size-large ext-aspect-portrait ext-import\"><img loading=\"lazy\" decoding=\"async\" width=\"1024\" height=\"765\" src=\"https:\/\/constructoraedimak.cl\/wp-content\/uploads\/2023\/11\/proyecto_eco_valencia-1024x765.jpeg\" alt=\"\" class=\"wp-image-419 img-responsive\" srcset=\"https:\/\/constructoraedimak.cl\/wp-content\/uploads\/2023\/11\/proyecto_eco_valencia-1024x765.jpeg 1024w, https:\/\/constructoraedimak.cl\/wp-content\/uploads\/2023\/11\/proyecto_eco_valencia-300x224.jpeg 300w, https:\/\/constructoraedimak.cl\/wp-content\/uploads\/2023\/11\/proyecto_eco_valencia-768x574.jpeg 768w, https:\/\/constructoraedimak.cl\/wp-content\/uploads\/2023\/11\/proyecto_eco_valencia-750x561.jpeg 750w, https:\/\/constructoraedimak.cl\/wp-content\/uploads\/2023\/11\/proyecto_eco_valencia.jpeg 1536w\" sizes=\"auto, (max-width: 1024px) 100vw, 1024px\" \/><\/figure>\n<\/div>\n\n\n\n<div class=\"wp-block-column is-vertically-aligned-center is-layout-flow wp-block-column-is-layout-flow\">\n<div class=\"wp-block-group\"><div class=\"wp-block-group__inner-container is-layout-constrained wp-block-group-is-layout-constrained\">\n<h1 class=\"wp-block-heading\">Condominio Eco Valencia<\/h1>\n\n\n\n<p style=\"margin-top:16px;font-style:normal;font-weight:400\">Condominio Eco Valencia, ubicado en calle Miraflores en la la comuna de Pe\u00f1aflor, a\u00f1o de ejecuci\u00f3n 2013.<\/p>\n\n\n\n<p style=\"font-size:19px;font-style:normal;font-weight:300\">Casa modelo tradicional con cubierta a la vista<\/p>\n\n\n\n<div class=\"wp-block-buttons is-layout-flex wp-block-buttons-is-layout-flex\" style=\"margin-top:var(--wp--preset--spacing--40)\">\n<div class=\"wp-block-button\"><a class=\"wp-block-button__link wp-element-button\" href=\"https:\/\/constructoraedimak.cl\/?page_id=459\">VER FOTOS<\/a><\/div>\n<\/div>\n<\/div><\/div>\n<\/div>\n<\/div>\n<\/div><\/div>\n\n\n\n<div class=\"wp-block-group alignfull has-background-background-color has-background\" style=\"margin-top:0;margin-bottom:0;padding-top:var(--wp--preset--spacing--50);padding-right:var(--wp--preset--spacing--30);padding-bottom:var(--wp--preset--spacing--60);padding-left:var(--wp--preset--spacing--30)\"><div class=\"wp-block-group__inner-container is-layout-constrained wp-container-core-group-is-layout-8d1c59b2 wp-block-group-is-layout-constrained\">\n<div class=\"wp-block-columns alignwide are-vertically-aligned-center is-layout-flex wp-container-core-columns-is-layout-30f78326 wp-block-columns-is-layout-flex\">\n<div class=\"wp-block-column is-vertically-aligned-center is-layout-flow wp-block-column-is-layout-flow\">\n<figure class=\"wp-block-image size-large ext-aspect-portrait ext-import\"><img loading=\"lazy\" decoding=\"async\" width=\"1024\" height=\"768\" src=\"https:\/\/constructoraedimak.cl\/wp-content\/uploads\/2023\/11\/proyecto_toribio_larrain-1024x768.jpeg\" alt=\"\" class=\"wp-image-420 img-responsive\" srcset=\"https:\/\/constructoraedimak.cl\/wp-content\/uploads\/2023\/11\/proyecto_toribio_larrain-1024x768.jpeg 1024w, https:\/\/constructoraedimak.cl\/wp-content\/uploads\/2023\/11\/proyecto_toribio_larrain-300x225.jpeg 300w, https:\/\/constructoraedimak.cl\/wp-content\/uploads\/2023\/11\/proyecto_toribio_larrain-768x576.jpeg 768w, https:\/\/constructoraedimak.cl\/wp-content\/uploads\/2023\/11\/proyecto_toribio_larrain-750x563.jpeg 750w, https:\/\/constructoraedimak.cl\/wp-content\/uploads\/2023\/11\/proyecto_toribio_larrain.jpeg 1536w\" sizes=\"auto, (max-width: 1024px) 100vw, 1024px\" \/><\/figure>\n<\/div>\n\n\n\n<div class=\"wp-block-column is-vertically-aligned-center is-layout-flow wp-block-column-is-layout-flow\">\n<div class=\"wp-block-group\"><div class=\"wp-block-group__inner-container is-layout-constrained wp-block-group-is-layout-constrained\">\n<h1 class=\"wp-block-heading\">Condominio Toribio Larrain<\/h1>\n\n\n\n<p>El condominio Toribio Larrain esta ubicado en calle Toribio Larrain en la comuna de Pe\u00f1aflor, a\u00f1o de ejecuci\u00f3n 2016.<\/p>\n\n\n\n<p>32 casas mediterraneas en una ubicaci\u00f3n privilegiada en un entorno natural y con gran conectividad.<\/p>\n\n\n\n<p style=\"font-size:25px;font-style:normal;font-weight:300\">Casas modelo mediterraneo<\/p>\n\n\n\n<div class=\"wp-block-buttons is-layout-flex wp-block-buttons-is-layout-flex\" style=\"margin-top:var(--wp--preset--spacing--40)\">\n<div class=\"wp-block-button\"><a class=\"wp-block-button__link wp-element-button\" href=\"https:\/\/constructoraedimak.cl\/?page_id=483\">VER FOTOS<\/a><\/div>\n<\/div>\n<\/div><\/div>\n<\/div>\n<\/div>\n<\/div><\/div>\n","protected":false},"excerpt":{"rendered":"<p>NUESTROS PROYECTOS Condominio Navidad Proyecto en curso Condominio Navidad.\u00a0 Ubicado en Navidad 79 en la comuna de Pe\u00f1aflor, proyecto terminado, 18 casas desde 94 m\u00b2 hasta 118 m\u00b2 , inicio de obra 2021. Fecha de finalizaci\u00f3n marzo 2025. Valor desde 3.490 UF Casas modelo mediterr\u00e1neo Condominio Eco Bilbao Condominio Eco Bilbao.&nbsp; Ubicado en calle Bilbao &#8230; <a href=\"https:\/\/constructoraedimak.cl\/?page_id=11\" class=\"more-link text-uppercase small\"><strong>Seguir leyendo<\/strong> <i class=\"fa fa-angle-double-right\" aria-hidden=\"true\"><\/i><\/a><\/p>\n","protected":false},"author":1,"featured_media":0,"parent":0,"menu_order":0,"comment_status":"closed","ping_status":"closed","template":"template_pagebuilder.php","meta":{"footnotes":""},"class_list":["post-11","page","type-page","status-publish","hentry"],"_links":{"self":[{"href":"https:\/\/constructoraedimak.cl\/index.php?rest_route=\/wp\/v2\/pages\/11","targetHints":{"allow":["GET"]}}],"collection":[{"href":"https:\/\/constructoraedimak.cl\/index.php?rest_route=\/wp\/v2\/pages"}],"about":[{"href":"https:\/\/constructoraedimak.cl\/index.php?rest_route=\/wp\/v2\/types\/page"}],"author":[{"embeddable":true,"href":"https:\/\/constructoraedimak.cl\/index.php?rest_route=\/wp\/v2\/users\/1"}],"replies":[{"embeddable":true,"href":"https:\/\/constructoraedimak.cl\/index.php?rest_route=%2Fwp%2Fv2%2Fcomments&post=11"}],"version-history":[{"count":20,"href":"https:\/\/constructoraedimak.cl\/index.php?rest_route=\/wp\/v2\/pages\/11\/revisions"}],"predecessor-version":[{"id":543,"href":"https:\/\/constructoraedimak.cl\/index.php?rest_route=\/wp\/v2\/pages\/11\/revisions\/543"}],"wp:attachment":[{"href":"https:\/\/constructoraedimak.cl\/index.php?rest_route=%2Fwp%2Fv2%2Fmedia&parent=11"}],"curies":[{"name":"wp","href":"https:\/\/api.w.org\/{rel}","templated":true}]}}