{"id":13,"date":"2023-11-07T00:01:14","date_gmt":"2023-11-07T00:01:14","guid":{"rendered":"https:\/\/constructoraedimak.cl\/?page_id=13"},"modified":"2023-11-17T18:23:38","modified_gmt":"2023-11-17T18:23:38","slug":"blog","status":"publish","type":"page","link":"https:\/\/constructoraedimak.cl\/?page_id=13","title":{"rendered":"NOSOTROS"},"content":{"rendered":"\n<p><\/p>\n\n\n\n<p class=\"has-text-align-center has-x-large-font-size\" style=\"font-style:normal;font-weight:500\">NOSOTROS<\/p>\n\n\n\n<div class=\"wp-block-group alignfull has-background-background-color has-background\" style=\"padding-top:0;padding-right:0;padding-bottom:0;padding-left:0\"><div class=\"wp-block-group__inner-container is-layout-constrained wp-container-core-group-is-layout-c3361150 wp-block-group-is-layout-constrained\">\n<div class=\"wp-block-columns alignfull is-layout-flex wp-container-core-columns-is-layout-27d3582e wp-block-columns-is-layout-flex\">\n<div class=\"wp-block-column is-layout-flow wp-block-column-is-layout-flow\">\n<h1 class=\"wp-block-heading has-text-align-center\" style=\"font-size:22px\">Concreta tu visi\u00f3n. Sea un hogar o un negocio, si tu lo piensas nosotros lo construimos.<\/h1>\n\n\n\n<div class=\"wp-block-group alignfull is-content-justification-right\" style=\"padding-top:var(--wp--preset--spacing--60);padding-right:var(--wp--preset--spacing--40);padding-bottom:var(--wp--preset--spacing--30);padding-left:var(--wp--preset--spacing--40)\"><div class=\"wp-block-group__inner-container is-layout-constrained wp-container-core-group-is-layout-ba01c9ee wp-block-group-is-layout-constrained\"><\/div><\/div>\n\n\n\n<div class=\"wp-block-group alignfull has-tertiary-background-color has-background is-content-justification-right\" style=\"padding-top:var(--wp--preset--spacing--30);padding-right:var(--wp--preset--spacing--40);padding-bottom:var(--wp--preset--spacing--60);padding-left:var(--wp--preset--spacing--40)\"><div class=\"wp-block-group__inner-container is-layout-constrained wp-container-core-group-is-layout-c7488ca1 wp-block-group-is-layout-constrained\">\n<p class=\"has-text-align-center\" style=\"margin-top:16px\">Somos una empresa constructora fundada en el a\u00f1o 2014, nos dedicamos a construir viviendas unifamiliares, condominios, urbanizaciones, proyectos sanitarios, topograf\u00eda en general y todo el rubro relacionado con la construcci\u00f3n.<br>Trabajamos con los m\u00e1s altos est\u00e1ndares de calidad y seguridad, ofreciendo nuestros servicios a los clientes del sector inmobiliario de todo el pa\u00eds.<br>Contamos con el personal profesional id\u00f3neo para cada \u00e1rea de trabajo, permiti\u00e9ndonos as\u00ed culminar con \u00e9xito las obras que hemos desarrollado.<\/p>\n<\/div><\/div>\n<\/div>\n\n\n\n<div class=\"wp-block-column is-layout-flow wp-block-column-is-layout-flow\">\n<div class=\"wp-block-cover ext-import\" style=\"padding-top:var(--wp--preset--spacing--80);padding-bottom:var(--wp--preset--spacing--80);min-height:100%;aspect-ratio:unset;\"><span aria-hidden=\"true\" class=\"wp-block-cover__background has-background-dim-0 has-background-dim\"><\/span><img decoding=\"async\" class=\"wp-block-cover__image-background img-responsive\" alt=\"\" src=\"https:\/\/images.unsplash.com\/photo-1587582423116-ec07293f0395?fit=crop&amp;crop=entropy%2Cfaces&amp;auto=format%2Ccompress&amp;w=1280\" data-object-fit=\"cover\"\/><div class=\"wp-block-cover__inner-container is-layout-constrained wp-block-cover-is-layout-constrained\">\n<p class=\"has-text-align-center has-large-font-size\"><\/p>\n<\/div><\/div>\n<\/div>\n<\/div>\n<\/div><\/div>\n","protected":false},"excerpt":{"rendered":"<p>NOSOTROS Concreta tu visi\u00f3n. Sea un hogar o un negocio, si tu lo piensas nosotros lo construimos. Somos una empresa constructora fundada en el a\u00f1o 2014, nos dedicamos a construir viviendas unifamiliares, condominios, urbanizaciones, proyectos sanitarios, topograf\u00eda en general y todo el rubro relacionado con la construcci\u00f3n.Trabajamos con los m\u00e1s altos est\u00e1ndares de calidad y &#8230; <a href=\"https:\/\/constructoraedimak.cl\/?page_id=13\" class=\"more-link text-uppercase small\"><strong>Seguir leyendo<\/strong> <i class=\"fa fa-angle-double-right\" aria-hidden=\"true\"><\/i><\/a><\/p>\n","protected":false},"author":1,"featured_media":0,"parent":0,"menu_order":0,"comment_status":"closed","ping_status":"closed","template":"template_pagebuilder.php","meta":{"footnotes":""},"class_list":["post-13","page","type-page","status-publish","hentry"],"_links":{"self":[{"href":"https:\/\/constructoraedimak.cl\/index.php?rest_route=\/wp\/v2\/pages\/13","targetHints":{"allow":["GET"]}}],"collection":[{"href":"https:\/\/constructoraedimak.cl\/index.php?rest_route=\/wp\/v2\/pages"}],"about":[{"href":"https:\/\/constructoraedimak.cl\/index.php?rest_route=\/wp\/v2\/types\/page"}],"author":[{"embeddable":true,"href":"https:\/\/constructoraedimak.cl\/index.php?rest_route=\/wp\/v2\/users\/1"}],"replies":[{"embeddable":true,"href":"https:\/\/constructoraedimak.cl\/index.php?rest_route=%2Fwp%2Fv2%2Fcomments&post=13"}],"version-history":[{"count":9,"href":"https:\/\/constructoraedimak.cl\/index.php?rest_route=\/wp\/v2\/pages\/13\/revisions"}],"predecessor-version":[{"id":381,"href":"https:\/\/constructoraedimak.cl\/index.php?rest_route=\/wp\/v2\/pages\/13\/revisions\/381"}],"wp:attachment":[{"href":"https:\/\/constructoraedimak.cl\/index.php?rest_route=%2Fwp%2Fv2%2Fmedia&parent=13"}],"curies":[{"name":"wp","href":"https:\/\/api.w.org\/{rel}","templated":true}]}}